{"id":31,"date":"2023-06-09T13:48:39","date_gmt":"2023-06-09T11:48:39","guid":{"rendered":"http:\/\/drechsler.biz\/?page_id=31"},"modified":"2023-09-14T22:01:54","modified_gmt":"2023-09-14T20:01:54","slug":"oeffnungszeiten","status":"publish","type":"page","link":"https:\/\/praxis-wunderwelten.de\/?page_id=31","title":{"rendered":"\u00d6ffnungszeiten"},"content":{"rendered":"\n<p class=\"has-text-align-left\"><\/p>\n\n\n\n<div class=\"wp-block-columns is-layout-flex wp-container-core-columns-is-layout-28f84493 wp-block-columns-is-layout-flex\">\n<div class=\"wp-block-column is-layout-flow wp-block-column-is-layout-flow\">\n<figure class=\"wp-block-image size-large is-style-default\"><img loading=\"lazy\" decoding=\"async\" width=\"768\" height=\"1024\" src=\"https:\/\/praxis-wunderwelten.de\/wp-content\/uploads\/2023\/09\/Tuerschild-Praxis-768x1024.jpeg\" alt=\"\" class=\"wp-image-230\" srcset=\"https:\/\/praxis-wunderwelten.de\/wp-content\/uploads\/2023\/09\/Tuerschild-Praxis-768x1024.jpeg 768w, https:\/\/praxis-wunderwelten.de\/wp-content\/uploads\/2023\/09\/Tuerschild-Praxis-225x300.jpeg 225w, https:\/\/praxis-wunderwelten.de\/wp-content\/uploads\/2023\/09\/Tuerschild-Praxis-1152x1536.jpeg 1152w, https:\/\/praxis-wunderwelten.de\/wp-content\/uploads\/2023\/09\/Tuerschild-Praxis.jpeg 1536w\" sizes=\"auto, (max-width: 768px) 100vw, 768px\" \/><\/figure>\n\n\n\n<p class=\"has-text-align-left\"><\/p>\n<\/div>\n\n\n\n<div class=\"wp-block-column is-layout-flow wp-block-column-is-layout-flow\">\n<p style=\"text-align: center;\"><strong>Wichtige Info!<\/strong><\/p>\n<p style=\"text-align: center;\">Da wir auch zu unseren lieben Familien nach Hause fahren und die Kursleiterinnen auch nicht immer da sind, trefft ihr uns nicht den ganzen Tag in der Praxis an, sondern nur zu unseren genannten \u00d6ffnungszeiten oder nach Vereinbarung.<\/p>\n<hr>\n<p style=\"text-align: center;\"><strong>Es gibt leider nicht viele Wickelm\u00f6glichkeiten und geeignete Orte zum Stillen oder Fl\u00e4schchen f\u00fcttern in Wismar&#8230;<\/strong><\/p>\n<p style=\"text-align: center;\">Deshalb bieten wir allen Familien, die mit ihren Wundern in Wismar unterwegs sind, zu unseren genannten \u00d6ffnungszeiten an, unsere R\u00e4ume zum entspannten Wickeln, Stillen und\/oder Fl\u00e4schchen geben an. Gebt uns nur kurz Bescheid, dass ihr euch bei uns aufhaltet.<\/p>\n<hr>\n<p style=\"text-align: center;\"><strong>Wir sind t\u00e4glich von 8:00-17:00 Uhr telefonisch zu erreichen und freuen uns sehr, von euch zu h\u00f6ren!<\/strong><\/p>\n<\/div>\n\n\n\n<div class=\"wp-block-column is-vertically-aligned-top is-layout-flow wp-block-column-is-layout-flow\">\n<p class=\"has-text-align-center\"><strong>Mo &#8211; Fr<\/strong><\/p>\n\n\n\n<p class=\"has-text-align-center\">8.00 &#8211; 17.00 Uhr telefonische Erreichbarkeit<\/p>\n\n\n\n<p class=\"has-text-align-center\"><strong>Dienstag<\/strong><\/p>\n\n\n\n<p class=\"has-text-align-center\">9.00 &#8211; 13.00 Uhr<\/p>\n\n\n\n<p class=\"has-text-align-center\"><strong>Mittwoch<\/strong><\/p>\n\n\n\n<p class=\"has-text-align-center\">9.00 &#8211; 20.30 Uhr<\/p>\n\n\n\n<p class=\"has-text-align-center\"><strong>Donnerstag<\/strong><\/p>\n\n\n\n<p class=\"has-text-align-center\">10.00 &#8211; 12.00 Uhr<\/p>\n\n\n\n<div class=\"wp-block-buttons alignwide is-content-justification-center is-layout-flex wp-container-core-buttons-is-layout-b5994976 wp-block-buttons-is-layout-flex\">\n<div class=\"wp-block-button has-custom-width wp-block-button__width-100 has-custom-font-size is-style-fill has-small-font-size\"><a class=\"wp-block-button__link has-black-color has-white-background-color has-text-color has-background has-text-align-center wp-element-button\" href=\"https:\/\/praxis-wunderwelten.de\/index.php\/kontakt\/\"><em>Termine nach Vereinbarung<\/em><\/a><\/div>\n<\/div>\n<\/div>\n<\/div>\n","protected":false},"excerpt":{"rendered":"<p>Wichtige Info! Da wir auch zu unseren lieben Familien nach Hause fahren und die Kursleiterinnen auch nicht immer da sind, trefft ihr uns nicht den ganzen Tag in der Praxis an, sondern nur zu unseren genannten \u00d6ffnungszeiten oder nach Vereinbarung. Es gibt leider nicht viele Wickelm\u00f6glichkeiten und geeignete Orte zum Stillen oder Fl\u00e4schchen f\u00fcttern in &hellip;<\/p>\n<p class=\"read-more\"> <a class=\"\" href=\"https:\/\/praxis-wunderwelten.de\/?page_id=31\"> <span class=\"screen-reader-text\">\u00d6ffnungszeiten<\/span> Weiterlesen &raquo;<\/a><\/p>\n","protected":false},"author":1,"featured_media":0,"parent":0,"menu_order":0,"comment_status":"closed","ping_status":"closed","template":"","meta":{"site-sidebar-layout":"default","site-content-layout":"","ast-site-content-layout":"","site-content-style":"default","site-sidebar-style":"default","ast-global-header-display":"","ast-banner-title-visibility":"","ast-main-header-display":"","ast-hfb-above-header-display":"","ast-hfb-below-header-display":"","ast-hfb-mobile-header-display":"","site-post-title":"","ast-breadcrumbs-content":"","ast-featured-img":"","footer-sml-layout":"","theme-transparent-header-meta":"","adv-header-id-meta":"","stick-header-meta":"","header-above-stick-meta":"","header-main-stick-meta":"","header-below-stick-meta":"","astra-migrate-meta-layouts":"","ngg_post_thumbnail":0,"footnotes":""},"class_list":["post-31","page","type-page","status-publish","hentry"],"_links":{"self":[{"href":"https:\/\/praxis-wunderwelten.de\/index.php?rest_route=\/wp\/v2\/pages\/31","targetHints":{"allow":["GET"]}}],"collection":[{"href":"https:\/\/praxis-wunderwelten.de\/index.php?rest_route=\/wp\/v2\/pages"}],"about":[{"href":"https:\/\/praxis-wunderwelten.de\/index.php?rest_route=\/wp\/v2\/types\/page"}],"author":[{"embeddable":true,"href":"https:\/\/praxis-wunderwelten.de\/index.php?rest_route=\/wp\/v2\/users\/1"}],"replies":[{"embeddable":true,"href":"https:\/\/praxis-wunderwelten.de\/index.php?rest_route=%2Fwp%2Fv2%2Fcomments&post=31"}],"version-history":[{"count":9,"href":"https:\/\/praxis-wunderwelten.de\/index.php?rest_route=\/wp\/v2\/pages\/31\/revisions"}],"predecessor-version":[{"id":381,"href":"https:\/\/praxis-wunderwelten.de\/index.php?rest_route=\/wp\/v2\/pages\/31\/revisions\/381"}],"wp:attachment":[{"href":"https:\/\/praxis-wunderwelten.de\/index.php?rest_route=%2Fwp%2Fv2%2Fmedia&parent=31"}],"curies":[{"name":"wp","href":"https:\/\/api.w.org\/{rel}","templated":true}]}}