{"id":21,"date":"2023-06-09T13:47:24","date_gmt":"2023-06-09T11:47:24","guid":{"rendered":"http:\/\/drechsler.biz\/?page_id=21"},"modified":"2023-09-16T18:03:51","modified_gmt":"2023-09-16T16:03:51","slug":"das-sind-wir","status":"publish","type":"page","link":"https:\/\/praxis-wunderwelten.de\/?page_id=21","title":{"rendered":"Das sind wir"},"content":{"rendered":"<figure class=\"wp-block-image alignwide size-full is-style-rounded\" style=\"max-width: 50%; display: flex; align-items: center; align-content: center; justify-content: center; margin: auto;\"><img loading=\"lazy\" decoding=\"async\" width=\"1920\" height=\"1280\" class=\"wp-image-200\" src=\"https:\/\/praxis-wunderwelten.de\/wp-content\/uploads\/2023\/09\/Mady-und-Jasmin.jpg\" alt=\"\" srcset=\"https:\/\/praxis-wunderwelten.de\/wp-content\/uploads\/2023\/09\/Mady-und-Jasmin.jpg 1920w, https:\/\/praxis-wunderwelten.de\/wp-content\/uploads\/2023\/09\/Mady-und-Jasmin-300x200.jpg 300w, https:\/\/praxis-wunderwelten.de\/wp-content\/uploads\/2023\/09\/Mady-und-Jasmin-1024x683.jpg 1024w, https:\/\/praxis-wunderwelten.de\/wp-content\/uploads\/2023\/09\/Mady-und-Jasmin-768x512.jpg 768w, https:\/\/praxis-wunderwelten.de\/wp-content\/uploads\/2023\/09\/Mady-und-Jasmin-1536x1024.jpg 1536w\" sizes=\"auto, (max-width: 1920px) 100vw, 1920px\" \/><\/figure>\n\n<p>&nbsp;<\/p>\n<p style=\"text-align: center;\">Wir sind Jasmin Zywitz &amp; Madlyn Preu\u00df und die Hebammenpraxis &#8222;Wunderwelten&#8220; ist unser Herzensprojekt, was uns jeden Tag sehr gl\u00fccklich macht.<\/p>\n\n\n<div style=\"height:100px\" aria-hidden=\"true\" class=\"wp-block-spacer\"><\/div>\n\n\n\n<div class=\"wp-block-media-text alignwide has-media-on-the-right is-stacked-on-mobile\"><div class=\"wp-block-media-text__content\">\n<p><\/p>\n\n\n\n<p>Ich bin Jasmin, habe an der Universit\u00e4tsfrauenklinik in der S\u00fcdstadt in Rostock gelernt und bin nun aus vollem Herzen Hebamme in der sch\u00f6nen Hansestadt Wismar und vielen Orten in der Umgebung.<\/p>\n\n\n\n<p>Die Paare in der Schwangerschaft kennenzulernen, sie in so vielen verschiedenen Situationen auf ihrem Wunderweg zu begleiten, sie wachsen zu sehen, um sie letztendlich als selbstsichere kleine Familie loszulassen, macht mich jeden Tag sehr gl\u00fccklich.<\/p>\n\n\n\n<p>Der Beruf der Hebamme hat jedoch auch viele andere Facetten, die ich jeden Tag mit den Schwangeren, Paaren, kleinen Wundern und Familien bew\u00e4ltige. Im Vordergrund steht immer der liebevolle und bed\u00fcrfnisorientierte Umgang.<\/p>\n\n\n\n<p><strong>Mein Leitspruch ist:<\/strong><br><strong>\u201eIch begleite, aber bestimme nicht.\u201c \u2013 Jedes Elternteil soll also den Weg finden, der zu ihm passt.<\/strong><\/p>\n\n\n\n<p>Fort- und Weiterbildungen bereiten mir au\u00dferdem viel Freude, um den Familien ein tolles Angebot bieten zu k\u00f6nnen \u2013 so kommt es dazu, dass das Kinesiologie-Taping, die Low-Level-Lasertherapie, verschiedene Kurse und bald die Akupunktur in meinem Hebammenalltag Anwendung finden. Und ich bin sehr gespannt, was mich noch erwartet.<\/p>\n<\/div><figure class=\"wp-block-media-text__media\"><img loading=\"lazy\" decoding=\"async\" width=\"910\" height=\"1024\" src=\"https:\/\/praxis-wunderwelten.de\/wp-content\/uploads\/2023\/09\/Jasmin-2-910x1024.jpg\" alt=\"\" class=\"wp-image-215 size-full\" srcset=\"https:\/\/praxis-wunderwelten.de\/wp-content\/uploads\/2023\/09\/Jasmin-2-910x1024.jpg 910w, https:\/\/praxis-wunderwelten.de\/wp-content\/uploads\/2023\/09\/Jasmin-2-267x300.jpg 267w, https:\/\/praxis-wunderwelten.de\/wp-content\/uploads\/2023\/09\/Jasmin-2-768x864.jpg 768w, https:\/\/praxis-wunderwelten.de\/wp-content\/uploads\/2023\/09\/Jasmin-2.jpg 1136w\" sizes=\"auto, (max-width: 910px) 100vw, 910px\" \/><\/figure><\/div>\n\n\n\n<div style=\"height:100px\" aria-hidden=\"true\" class=\"wp-block-spacer\"><\/div>\n\n\n\n<div class=\"wp-block-media-text alignwide is-stacked-on-mobile\"><figure class=\"wp-block-media-text__media\"><img loading=\"lazy\" decoding=\"async\" width=\"816\" height=\"1024\" src=\"https:\/\/praxis-wunderwelten.de\/wp-content\/uploads\/2023\/09\/Madlyn-2-816x1024.jpg\" alt=\"\" class=\"wp-image-214 size-full\" srcset=\"https:\/\/praxis-wunderwelten.de\/wp-content\/uploads\/2023\/09\/Madlyn-2-816x1024.jpg 816w, https:\/\/praxis-wunderwelten.de\/wp-content\/uploads\/2023\/09\/Madlyn-2-239x300.jpg 239w, https:\/\/praxis-wunderwelten.de\/wp-content\/uploads\/2023\/09\/Madlyn-2-768x964.jpg 768w, https:\/\/praxis-wunderwelten.de\/wp-content\/uploads\/2023\/09\/Madlyn-2-1224x1536.jpg 1224w, https:\/\/praxis-wunderwelten.de\/wp-content\/uploads\/2023\/09\/Madlyn-2.jpg 1530w\" sizes=\"auto, (max-width: 816px) 100vw, 816px\" \/><\/figure><div class=\"wp-block-media-text__content\">\n<p><\/p>\n<\/div><\/div>\n","protected":false},"excerpt":{"rendered":"<p>&nbsp; Wir sind Jasmin Zywitz &amp; Madlyn Preu\u00df und die Hebammenpraxis &#8222;Wunderwelten&#8220; ist unser Herzensprojekt, was uns jeden Tag sehr gl\u00fccklich macht. Ich bin Jasmin, habe an der Universit\u00e4tsfrauenklinik in der S\u00fcdstadt in Rostock gelernt und bin nun aus vollem Herzen Hebamme in der sch\u00f6nen Hansestadt Wismar und vielen Orten in der Umgebung. Die Paare &hellip;<\/p>\n<p class=\"read-more\"> <a class=\"\" href=\"https:\/\/praxis-wunderwelten.de\/?page_id=21\"> <span class=\"screen-reader-text\">Das sind wir<\/span> Weiterlesen &raquo;<\/a><\/p>\n","protected":false},"author":1,"featured_media":0,"parent":0,"menu_order":0,"comment_status":"closed","ping_status":"closed","template":"","meta":{"site-sidebar-layout":"default","site-content-layout":"","ast-site-content-layout":"","site-content-style":"default","site-sidebar-style":"default","ast-global-header-display":"","ast-banner-title-visibility":"","ast-main-header-display":"","ast-hfb-above-header-display":"","ast-hfb-below-header-display":"","ast-hfb-mobile-header-display":"","site-post-title":"","ast-breadcrumbs-content":"","ast-featured-img":"","footer-sml-layout":"","theme-transparent-header-meta":"","adv-header-id-meta":"","stick-header-meta":"","header-above-stick-meta":"","header-main-stick-meta":"","header-below-stick-meta":"","astra-migrate-meta-layouts":"","ngg_post_thumbnail":0,"footnotes":""},"class_list":["post-21","page","type-page","status-publish","hentry"],"_links":{"self":[{"href":"https:\/\/praxis-wunderwelten.de\/index.php?rest_route=\/wp\/v2\/pages\/21","targetHints":{"allow":["GET"]}}],"collection":[{"href":"https:\/\/praxis-wunderwelten.de\/index.php?rest_route=\/wp\/v2\/pages"}],"about":[{"href":"https:\/\/praxis-wunderwelten.de\/index.php?rest_route=\/wp\/v2\/types\/page"}],"author":[{"embeddable":true,"href":"https:\/\/praxis-wunderwelten.de\/index.php?rest_route=\/wp\/v2\/users\/1"}],"replies":[{"embeddable":true,"href":"https:\/\/praxis-wunderwelten.de\/index.php?rest_route=%2Fwp%2Fv2%2Fcomments&post=21"}],"version-history":[{"count":19,"href":"https:\/\/praxis-wunderwelten.de\/index.php?rest_route=\/wp\/v2\/pages\/21\/revisions"}],"predecessor-version":[{"id":289,"href":"https:\/\/praxis-wunderwelten.de\/index.php?rest_route=\/wp\/v2\/pages\/21\/revisions\/289"}],"wp:attachment":[{"href":"https:\/\/praxis-wunderwelten.de\/index.php?rest_route=%2Fwp%2Fv2%2Fmedia&parent=21"}],"curies":[{"name":"wp","href":"https:\/\/api.w.org\/{rel}","templated":true}]}}